{"id":46,"date":"2023-06-20T10:59:49","date_gmt":"2023-06-20T13:59:49","guid":{"rendered":"http:\/\/fasiluminacao.laboratoriovision.com.br\/novo\/?page_id=46"},"modified":"2024-02-21T13:35:12","modified_gmt":"2024-02-21T16:35:12","slug":"pagamentos","status":"publish","type":"page","link":"https:\/\/fasiluminacao.com.br\/en\/pagamentos\/","title":{"rendered":"payments"},"content":{"rendered":"\n<p><strong>Cart\u00e3o de cr\u00e9dito<\/strong><br>Voc\u00ea pode realizar suas compras com os cart\u00f5es de cr\u00e9dito visa, Mastercard e American express. Aceitamos pagamento \u00e0 vista ou parcelado em at\u00e9 3x vezes sem juros.<\/p>\n\n\n\n<p><strong>Outras formas de pagamento<\/strong><br>Oferecemos op\u00e7\u00e3o de pagamento por boleto banc\u00e1rio (fique atento ao prazo de vencimento do boleto), PIX ou transfer\u00eancia banc\u00e1ria.<\/p>\n","protected":false},"excerpt":{"rendered":"<p>Cart\u00e3o de cr\u00e9ditoVoc\u00ea pode realizar suas compras com os cart\u00f5es de cr\u00e9dito visa, Mastercard e American express. Aceitamos pagamento \u00e0 vista ou parcelado em at\u00e9 3x vezes sem juros. Outras formas de pagamentoOferecemos op\u00e7\u00e3o de pagamento por boleto banc\u00e1rio (fique atento ao prazo de vencimento do boleto), PIX ou transfer\u00eancia banc\u00e1ria.<\/p>\n","protected":false},"author":1,"featured_media":0,"parent":0,"menu_order":0,"comment_status":"closed","ping_status":"closed","template":"page-template\/pagamentos.php","meta":{"footnotes":""},"class_list":["post-46","page","type-page","status-publish","hentry"],"acf":[],"_links":{"self":[{"href":"https:\/\/fasiluminacao.com.br\/en\/wp-json\/wp\/v2\/pages\/46","targetHints":{"allow":["GET"]}}],"collection":[{"href":"https:\/\/fasiluminacao.com.br\/en\/wp-json\/wp\/v2\/pages"}],"about":[{"href":"https:\/\/fasiluminacao.com.br\/en\/wp-json\/wp\/v2\/types\/page"}],"author":[{"embeddable":true,"href":"https:\/\/fasiluminacao.com.br\/en\/wp-json\/wp\/v2\/users\/1"}],"replies":[{"embeddable":true,"href":"https:\/\/fasiluminacao.com.br\/en\/wp-json\/wp\/v2\/comments?post=46"}],"version-history":[{"count":0,"href":"https:\/\/fasiluminacao.com.br\/en\/wp-json\/wp\/v2\/pages\/46\/revisions"}],"wp:attachment":[{"href":"https:\/\/fasiluminacao.com.br\/en\/wp-json\/wp\/v2\/media?parent=46"}],"curies":[{"name":"wp","href":"https:\/\/api.w.org\/{rel}","templated":true}]}}