{"id":4550,"date":"2023-12-20T13:26:53","date_gmt":"2023-12-20T16:26:53","guid":{"rendered":"https:\/\/fasiluminacao.com.br\/?page_id=4550"},"modified":"2024-02-23T18:11:17","modified_gmt":"2024-02-23T21:11:17","slug":"politica-de-cookies","status":"publish","type":"page","link":"https:\/\/fasiluminacao.com.br\/en\/politica-de-cookies\/","title":{"rendered":"cookie policy"},"content":{"rendered":"\n<p>Ao acessar o site da Fas, podemos armazenar algumas informa\u00e7\u00f5es, na forma de um &#8220;cookie&#8221; ou arquivo similar, no seu computador. Os cookies s\u00e3o pequenas informa\u00e7\u00f5es armazenadas em seu disco r\u00edgido e n\u00e3o no nosso site.<br><br>Utilizamos cookies para reconhecer seu navegador ou dispositivo e lembrar as suas prefer\u00eancias. Tamb\u00e9m \u00e9 por meio dos cookies que cuidaremos da privacidade e prote\u00e7\u00e3o dos seus dados pessoais.<br><br>Ao acessar nosso site\u00a0www.fasiluminacao.com.br, voc\u00ea autoriza o uso de cookies nos termos desta pol\u00edtica. Caso n\u00e3o concorde, voc\u00ea poder\u00e1 ajustar as configura\u00e7\u00f5es do seu navegador para n\u00e3o permitir o uso de cookies. Por\u00e9m, lembramos que desabilitar o uso de cookies poder\u00e1 impactar na sua experi\u00eancia ao navegar no site da Fas.<br><br>As informa\u00e7\u00f5es que coletamos com os cookies nos permitem:<br>\u2022 Melhorar a experi\u00eancia de compra do usu\u00e1rio;<br>\u2022 Personalizar nosso site de acordo com os seus interesses pessoais, acompanhando suas prefer\u00eancias para enviar somente an\u00fancios de seu interesse;<br>\u2022 Realizar melhorias e atualiza\u00e7\u00f5es em nosso site com base na forma como voc\u00ea deseja utiliz\u00e1-lo;<br>\u2022 Impedir atividades fraudulentas;<\/p>\n\n\n\n<p>Caso voc\u00ea tenha alguma d\u00favida relacionada a este assunto, basta nos contatar atrav\u00e9s do e-mail&nbsp;<a href=\"mailto:contato@fasiluminacao.com.br\">contato@fasiluminacao.com.br<\/a>.<\/p>\n\n\n\n<p>Caso voc\u00ea tenha alguma d\u00favida relacionada a este assunto, basta nos contatar atrav\u00e9s do e-mail&nbsp;<a href=\"mailto:contato@fasiluminacao.com.br\">contato@fasiluminacao.com.br<\/a>.<\/p>\n","protected":false},"excerpt":{"rendered":"<p>Ao acessar o site da Fas, podemos armazenar algumas informa\u00e7\u00f5es, na forma de um &#8220;cookie&#8221; ou arquivo similar, no seu computador. Os cookies s\u00e3o pequenas informa\u00e7\u00f5es armazenadas em seu disco r\u00edgido e n\u00e3o no nosso site. Utilizamos cookies para reconhecer seu navegador ou dispositivo e lembrar as suas prefer\u00eancias. Tamb\u00e9m \u00e9 por meio dos cookies [&hellip;]<\/p>\n","protected":false},"author":1,"featured_media":0,"parent":0,"menu_order":0,"comment_status":"closed","ping_status":"closed","template":"page-template\/politica-de-cookies.php","meta":{"footnotes":""},"class_list":["post-4550","page","type-page","status-publish","hentry"],"acf":[],"_links":{"self":[{"href":"https:\/\/fasiluminacao.com.br\/en\/wp-json\/wp\/v2\/pages\/4550","targetHints":{"allow":["GET"]}}],"collection":[{"href":"https:\/\/fasiluminacao.com.br\/en\/wp-json\/wp\/v2\/pages"}],"about":[{"href":"https:\/\/fasiluminacao.com.br\/en\/wp-json\/wp\/v2\/types\/page"}],"author":[{"embeddable":true,"href":"https:\/\/fasiluminacao.com.br\/en\/wp-json\/wp\/v2\/users\/1"}],"replies":[{"embeddable":true,"href":"https:\/\/fasiluminacao.com.br\/en\/wp-json\/wp\/v2\/comments?post=4550"}],"version-history":[{"count":0,"href":"https:\/\/fasiluminacao.com.br\/en\/wp-json\/wp\/v2\/pages\/4550\/revisions"}],"wp:attachment":[{"href":"https:\/\/fasiluminacao.com.br\/en\/wp-json\/wp\/v2\/media?parent=4550"}],"curies":[{"name":"wp","href":"https:\/\/api.w.org\/{rel}","templated":true}]}}