{"id":4549,"date":"2023-12-20T13:26:01","date_gmt":"2023-12-20T16:26:01","guid":{"rendered":"https:\/\/fasiluminacao.com.br\/?page_id=4549"},"modified":"2024-02-20T11:17:23","modified_gmt":"2024-02-20T14:17:23","slug":"politica-de-privacidade","status":"publish","type":"page","link":"https:\/\/fasiluminacao.com.br\/en\/politica-de-privacidade\/","title":{"rendered":"privacy policy"},"content":{"rendered":"\n<p>A Fas Ilumina\u00e7\u00e3o com base na lei geral de prote\u00e7\u00e3o de dados, Lei n\u00ba 13.709\/2018 (\u201cLGPD)\u201d, visa manter a transpar\u00eancia, a privacidade e a seguran\u00e7a dos dados de seus clientes durante todo o processo de intera\u00e7\u00e3o com nosso site. Por esta raz\u00e3o, preparamos esta pol\u00edtica, que explica como tratamos os seus dados pessoais quando voc\u00ea navega em nosso site e quando utiliza os servi\u00e7os que oferecemos.<br><br>Os dados cadastrais fornecidos pelos clientes para realiza\u00e7\u00e3o do cadastro n\u00e3o ser\u00e3o objeto de divulga\u00e7\u00e3o para terceiros, salvo se necess\u00e1rios para efetiva\u00e7\u00e3o da entrega, para cobran\u00e7a ou eventuais campanhas realizadas pela Fas e autorizadas pelos clientes.<br><br>As informa\u00e7\u00f5es pessoais coletadas pela Fas s\u00e3o as repassadas pelo cliente quando se cadastra ou cria uma conta em nosso site.<\/p>\n\n\n\n<p>Dados pessoais utilizados:<br>Nome Completo;<br>Endere\u00e7o;<br>Telefone;<br>E-Mail;<br>CPF;<br>Data de Nascimento;<br>G\u00eanero<\/p>\n\n\n\n<p>Os dados pessoais fornecidos pelos clientes t\u00eam as seguintes finalidades:<br>Para cadastro;<br>Para efetiva\u00e7\u00e3o da entrega dos produtos adquiridos;<br>Para mant\u00ea-lo informado sobre o status do seu pedido e forma de pagamento;<br>Para coordenar com parceiros a entrega ou disponibiliza\u00e7\u00e3o de servi\u00e7os;<br>Para a realiza\u00e7\u00e3o de trocas;<br>Para enviar comunicados sobre servi\u00e7os e proporcionar uma melhor experi\u00eancia ao cliente.<br><br>Os servi\u00e7os de marketing s\u00e3o oferecidos por meio de comunica\u00e7\u00f5es gratuitas sobre ofertas, servi\u00e7os e produtos dirigidas ao cliente, relacionadas ao seu perfil no site e a compras que fez. Esse servi\u00e7o abrange e-mails e WhatsApp. vale ressaltar que o cliente pode cancelar o servi\u00e7o, a qualquer momento, das seguintes formas:<br><br>Nos e-mails, dever\u00e1 o cliente, clicar no link, ao final da frase que fica no rodap\u00e9: \u201cCaso n\u00e3o queira mais receber nossos e-mails, clique aqui.\u201d<br><br>No WhatsApp, dever\u00e1 o cliente informar que n\u00e3o deseja mais receber as mensagens. seu contato ser\u00e1 removido imediatamente.<\/p>\n","protected":false},"excerpt":{"rendered":"<p>A Fas Ilumina\u00e7\u00e3o com base na lei geral de prote\u00e7\u00e3o de dados, Lei n\u00ba 13.709\/2018 (\u201cLGPD)\u201d, visa manter a transpar\u00eancia, a privacidade e a seguran\u00e7a dos dados de seus clientes durante todo o processo de intera\u00e7\u00e3o com nosso site. Por esta raz\u00e3o, preparamos esta pol\u00edtica, que explica como tratamos os seus dados pessoais quando voc\u00ea [&hellip;]<\/p>\n","protected":false},"author":1,"featured_media":0,"parent":0,"menu_order":0,"comment_status":"closed","ping_status":"closed","template":"page-template\/politica-de-privacidade.php","meta":{"footnotes":""},"class_list":["post-4549","page","type-page","status-publish","hentry"],"acf":[],"_links":{"self":[{"href":"https:\/\/fasiluminacao.com.br\/en\/wp-json\/wp\/v2\/pages\/4549","targetHints":{"allow":["GET"]}}],"collection":[{"href":"https:\/\/fasiluminacao.com.br\/en\/wp-json\/wp\/v2\/pages"}],"about":[{"href":"https:\/\/fasiluminacao.com.br\/en\/wp-json\/wp\/v2\/types\/page"}],"author":[{"embeddable":true,"href":"https:\/\/fasiluminacao.com.br\/en\/wp-json\/wp\/v2\/users\/1"}],"replies":[{"embeddable":true,"href":"https:\/\/fasiluminacao.com.br\/en\/wp-json\/wp\/v2\/comments?post=4549"}],"version-history":[{"count":0,"href":"https:\/\/fasiluminacao.com.br\/en\/wp-json\/wp\/v2\/pages\/4549\/revisions"}],"wp:attachment":[{"href":"https:\/\/fasiluminacao.com.br\/en\/wp-json\/wp\/v2\/media?parent=4549"}],"curies":[{"name":"wp","href":"https:\/\/api.w.org\/{rel}","templated":true}]}}